{"id":380,"date":"2019-01-28T21:36:18","date_gmt":"2019-01-28T21:36:18","guid":{"rendered":"http:\/\/ing-milin.de\/?page_id=380"},"modified":"2025-03-07T17:18:44","modified_gmt":"2025-03-07T17:18:44","slug":"impressum-2","status":"publish","type":"page","link":"https:\/\/ing-milin.de\/","title":{"rendered":"Impressum"},"content":{"rendered":"<section id=\"builder-section-text_11\" class=\"builder-section-first builder-section builder-section-text builder-section-last builder-text-columns-1\" style=\"background-size: cover; background-repeat: no-repeat; background-position: center center;\">\n<div class=\"builder-section-content\">\n<div class=\"builder-text-row\">\n<div id=\"builder-section-text_11-column-1\" class=\"builder-text-column builder-text-column-1\">\n<div class=\"builder-text-content\">\n<p>Verantwortlich f\u00fcr diese Seite im Sinne des \u00a75 TMG \/ \u00a755 RStV:<\/p>\n<p>Michael O. Milin<br \/>\nHeisterbacher Str. 16<br \/>\n53639 K\u00f6nigswinter<\/p>\n<p>Kontaktm\u00f6glichkeiten:<\/p>\n<p>Tel: +49 2223 7085797<br \/>\nemail: michael.milin@web.de<\/p>\n<p>Berufsbezeichnung:<br \/>\nDipl.-Ing. (FH) Bauingenieurwesen, M.Sc. Bauphysik,<br \/>\nQualifizierter Tragwerksplaner (qTP), sachkundiger Planer f\u00fcr Betoninstandsetzung (SKP)<br \/>\nstaatlich anerkannter Sachverst\u00e4ndiger f\u00fcr Schall- und W\u00e4rmeschutz<br \/>\nKfW Energieeffizienzexperte, BAfA Energieberater, Energieberater Denkmal<\/p>\n<p>Aufsichtsbeh\u00f6rde:<br \/>\nIngenieurkammer BAU NRW, Zollhof 2, 40221 D\u00fcsseldorf, https:\/\/www.ikbaunrw.de\/<\/p>\n<p>Mitgliedsnummer IK BAU NRW: 729822<\/p>\n<p>Berufsrechtliche Regelungen:<br \/>\nIngenieurgesetz, Ingenieurkammergesetz, Berufsordnung, HOAI, Sachverst\u00e4ndigenordnung der IK-Bau NRW<\/p>\n<p>Berufshaftpflichtversicherung: AIA AG, Kaiserstr. 13, 40221 D\u00fcsseldorf, Tel: +49 211 493650<\/p>\n<div id=\"builder-section-text_11-column-1\" class=\"builder-text-column builder-text-column-1\"><\/div>\n<\/div>\n<\/div>\n<\/div>\n<\/div>\n<\/section>\n","protected":false},"excerpt":{"rendered":"<p>Verantwortlich f\u00fcr diese Seite im Sinne des \u00a75 TMG \/ \u00a755 RStV: Michael O. Milin Heisterbacher Str. 16 53639 K\u00f6nigswinter Kontaktm\u00f6glichkeiten: Tel: +49 2223 7085797 email: michael.milin@web.de Berufsbezeichnung: Dipl.-Ing. (FH) Bauingenieurwesen, M.Sc. Bauphysik, Qualifizierter Tragwerksplaner (qTP), sachkundiger Planer f\u00fcr Betoninstandsetzung (SKP) staatlich anerkannter Sachverst\u00e4ndiger f\u00fcr Schall- und W\u00e4rmeschutz KfW Energieeffizienzexperte, BAfA Energieberater, Energieberater Denkmal Aufsichtsbeh\u00f6rde: &hellip;<\/p>\n","protected":false},"author":1,"featured_media":0,"parent":0,"menu_order":0,"comment_status":"closed","ping_status":"closed","template":"","meta":{"footnotes":""},"class_list":["post-380","page","type-page","status-publish","hentry"],"_links":{"self":[{"href":"https:\/\/ing-milin.de\/index.php?rest_route=\/wp\/v2\/pages\/380","targetHints":{"allow":["GET"]}}],"collection":[{"href":"https:\/\/ing-milin.de\/index.php?rest_route=\/wp\/v2\/pages"}],"about":[{"href":"https:\/\/ing-milin.de\/index.php?rest_route=\/wp\/v2\/types\/page"}],"author":[{"embeddable":true,"href":"https:\/\/ing-milin.de\/index.php?rest_route=\/wp\/v2\/users\/1"}],"replies":[{"embeddable":true,"href":"https:\/\/ing-milin.de\/index.php?rest_route=%2Fwp%2Fv2%2Fcomments&post=380"}],"version-history":[{"count":20,"href":"https:\/\/ing-milin.de\/index.php?rest_route=\/wp\/v2\/pages\/380\/revisions"}],"predecessor-version":[{"id":448,"href":"https:\/\/ing-milin.de\/index.php?rest_route=\/wp\/v2\/pages\/380\/revisions\/448"}],"wp:attachment":[{"href":"https:\/\/ing-milin.de\/index.php?rest_route=%2Fwp%2Fv2%2Fmedia&parent=380"}],"curies":[{"name":"wp","href":"https:\/\/api.w.org\/{rel}","templated":true}]}}