{"id":206,"date":"2017-11-11T10:58:27","date_gmt":"2017-11-11T10:58:27","guid":{"rendered":"http:\/\/ing-milin.de\/?page_id=206"},"modified":"2019-04-23T08:36:10","modified_gmt":"2019-04-23T08:36:10","slug":"kfw","status":"publish","type":"page","link":"https:\/\/ing-milin.de\/?page_id=206","title":{"rendered":"KfW"},"content":{"rendered":"<h4>KfW- F\u00f6rdermittelbeantragung f\u00fcr energetische Sanierungsma\u00dfnahmen und Energieeffizienzgeb\u00e4ude<\/h4>\n<p>Wir beraten Sie zu den Voraussetzungen der F\u00f6rdermittelbeantragung und begleiten Sie und Ihr Vorhaben von der Antragsstellung \u00fcber die Baubegleitung bis hin zur Best\u00e4tigung nach Durchf\u00fchrung des Bauvorhabens.<\/p>\n","protected":false},"excerpt":{"rendered":"<p>KfW- F\u00f6rdermittelbeantragung f\u00fcr energetische Sanierungsma\u00dfnahmen und Energieeffizienzgeb\u00e4ude Wir beraten Sie zu den Voraussetzungen der F\u00f6rdermittelbeantragung und begleiten Sie und Ihr Vorhaben von der Antragsstellung \u00fcber die Baubegleitung bis hin zur Best\u00e4tigung nach Durchf\u00fchrung des Bauvorhabens.<\/p>\n","protected":false},"author":1,"featured_media":0,"parent":0,"menu_order":0,"comment_status":"closed","ping_status":"closed","template":"","meta":{"footnotes":""},"class_list":["post-206","page","type-page","status-publish","hentry"],"_links":{"self":[{"href":"https:\/\/ing-milin.de\/index.php?rest_route=\/wp\/v2\/pages\/206","targetHints":{"allow":["GET"]}}],"collection":[{"href":"https:\/\/ing-milin.de\/index.php?rest_route=\/wp\/v2\/pages"}],"about":[{"href":"https:\/\/ing-milin.de\/index.php?rest_route=\/wp\/v2\/types\/page"}],"author":[{"embeddable":true,"href":"https:\/\/ing-milin.de\/index.php?rest_route=\/wp\/v2\/users\/1"}],"replies":[{"embeddable":true,"href":"https:\/\/ing-milin.de\/index.php?rest_route=%2Fwp%2Fv2%2Fcomments&post=206"}],"version-history":[{"count":6,"href":"https:\/\/ing-milin.de\/index.php?rest_route=\/wp\/v2\/pages\/206\/revisions"}],"predecessor-version":[{"id":337,"href":"https:\/\/ing-milin.de\/index.php?rest_route=\/wp\/v2\/pages\/206\/revisions\/337"}],"wp:attachment":[{"href":"https:\/\/ing-milin.de\/index.php?rest_route=%2Fwp%2Fv2%2Fmedia&parent=206"}],"curies":[{"name":"wp","href":"https:\/\/api.w.org\/{rel}","templated":true}]}}