{"id":119,"date":"2017-11-09T21:26:18","date_gmt":"2017-11-09T21:26:18","guid":{"rendered":"http:\/\/ing-milin.de\/?page_id=119"},"modified":"2019-04-23T08:36:22","modified_gmt":"2019-04-23T08:36:22","slug":"bauphysik","status":"publish","type":"page","link":"https:\/\/ing-milin.de\/?page_id=119","title":{"rendered":"Bauphysik"},"content":{"rendered":"<h4>Ein Spezialgebiet unseres Leistungspektrums ist die Bauphysik<\/h4>\n<ul>\n<li>Bauordnungsrechtlich geforderter Schall- und W\u00e4rmeschutznachweise<\/li>\n<li>Nachweis des klimabedingten Feuchteschutzes<\/li>\n<li>Sommerlicher W\u00e4rmeschutz<\/li>\n<li>W\u00e4rmebr\u00fcckenberechnungen<\/li>\n<li>Schallimmissionsschutz, L\u00e4rmprognosen<\/li>\n<li>Luftdichtheitskonzepte<\/li>\n<li>Passivhausplanung<\/li>\n<\/ul>\n","protected":false},"excerpt":{"rendered":"<p>Ein Spezialgebiet unseres Leistungspektrums ist die Bauphysik Bauordnungsrechtlich geforderter Schall- und W\u00e4rmeschutznachweise Nachweis des klimabedingten Feuchteschutzes Sommerlicher W\u00e4rmeschutz W\u00e4rmebr\u00fcckenberechnungen Schallimmissionsschutz, L\u00e4rmprognosen Luftdichtheitskonzepte Passivhausplanung<\/p>\n","protected":false},"author":1,"featured_media":0,"parent":0,"menu_order":3,"comment_status":"closed","ping_status":"closed","template":"","meta":{"footnotes":""},"class_list":["post-119","page","type-page","status-publish","hentry"],"_links":{"self":[{"href":"https:\/\/ing-milin.de\/index.php?rest_route=\/wp\/v2\/pages\/119","targetHints":{"allow":["GET"]}}],"collection":[{"href":"https:\/\/ing-milin.de\/index.php?rest_route=\/wp\/v2\/pages"}],"about":[{"href":"https:\/\/ing-milin.de\/index.php?rest_route=\/wp\/v2\/types\/page"}],"author":[{"embeddable":true,"href":"https:\/\/ing-milin.de\/index.php?rest_route=\/wp\/v2\/users\/1"}],"replies":[{"embeddable":true,"href":"https:\/\/ing-milin.de\/index.php?rest_route=%2Fwp%2Fv2%2Fcomments&post=119"}],"version-history":[{"count":13,"href":"https:\/\/ing-milin.de\/index.php?rest_route=\/wp\/v2\/pages\/119\/revisions"}],"predecessor-version":[{"id":334,"href":"https:\/\/ing-milin.de\/index.php?rest_route=\/wp\/v2\/pages\/119\/revisions\/334"}],"wp:attachment":[{"href":"https:\/\/ing-milin.de\/index.php?rest_route=%2Fwp%2Fv2%2Fmedia&parent=119"}],"curies":[{"name":"wp","href":"https:\/\/api.w.org\/{rel}","templated":true}]}}